{"id":425,"date":"2019-04-30T14:18:54","date_gmt":"2019-04-30T17:18:54","guid":{"rendered":"https:\/\/frutosdelcerro.com\/quienes-somos\/"},"modified":"2020-08-26T20:18:30","modified_gmt":"2020-08-26T23:18:30","slug":"who-we-are","status":"publish","type":"page","link":"https:\/\/www.frutosdelcerro.com\/en\/who-we-are\/","title":{"rendered":"Who we are"},"content":{"rendered":"<p>[vc_row full_width=&#8221;stretch_row&#8221; bg_type=&#8221;bg_color&#8221; bg_color_value=&#8221;#f6f6f6&#8243;][vc_column width=&#8221;1\/2&#8243;][vc_empty_space height=&#8221;30px&#8221;]<div id=\"ultimate-heading-600569e204b05a4c4\" class=\"uvc-heading ult-adjust-bottom-margin ultimate-heading-600569e204b05a4c4 uvc-2525 bolder\" data-hspacer=\"no_spacer\"  data-halign=\"left\" style=\"text-align:left\"><div class=\"uvc-heading-spacer no_spacer\" style=\"top\"><\/div><div class=\"uvc-main-heading ult-responsive\"  data-ultimate-target='.uvc-heading.ultimate-heading-600569e204b05a4c4 h2'  data-responsive-json-new='{\"font-size\":\"desktop:39px;mobile:35px;\",\"line-height\":\"\"}' ><h2 style=\"font-weight:normal;color:#9e2021;margin-bottom:15px;\">ABOUT US<\/h2><\/div><\/div>[vc_empty_space height=&#8221;15px&#8221;][vc_column_text]Frutos del Cerro is an Argentine company committed to 2 fundamental values QUALITY AND SERVICE that make our nuts an optimal product to compete in the International market.<\/p>\n<p>It is dedicated to the production, processing at source, distribution and marketing of nuts with shell and pulp, guaranteeing a variety of products, of excellent aesthetic and organoleptic classification.<\/p>\n<p>Frutos del Cerro is certified and has a national and international sales capacity.<\/p>\n<p><strong>We export to Italy and sell in the Local Market<\/strong>[\/vc_column_text][\/vc_column][vc_column width=&#8221;1\/2&#8243;][vc_row_inner][vc_column_inner el_class=&#8221;cross col-first&#8221; width=&#8221;1\/2&#8243;]<div id=\"ultimate-heading-146269e204b05a7f9\" class=\"uvc-heading ult-adjust-bottom-margin ultimate-heading-146269e204b05a7f9 uvc-3048 \" data-hspacer=\"icon_only\"  data-halign=\"right\" style=\"text-align:right\"><div class=\"uvc-heading-spacer icon_only\" style=\"top\"><div class=\"ult-just-icon-wrapper  \"><div class=\"align-icon\" style=\"text-align:right;\">\n<div class=\"aio-icon-img \" style=\"font-size:35px;display:inline-block;\" >\n\t<img decoding=\"async\" class=\"img-icon\" alt=\"null\" src=\"https:\/\/www.frutosdelcerro.com\/wp-content\/uploads\/2019\/05\/finca.png\"\/>\n<\/div><\/div><\/div><\/div><div class=\"uvc-main-heading ult-responsive\"  data-ultimate-target='.uvc-heading.ultimate-heading-146269e204b05a7f9 h2'  data-responsive-json-new='{\"font-size\":\"desktop:36px;\",\"line-height\":\"desktop:43px;\"}' ><h2 style=\"font-weight:bold;color:#808080;\">350<\/h2><\/div><div class=\"uvc-sub-heading ult-responsive\"  data-ultimate-target='.uvc-heading.ultimate-heading-146269e204b05a7f9 .uvc-sub-heading '  data-responsive-json-new='{\"font-size\":\"desktop:16px;\",\"line-height\":\"desktop:20px;\"}'  style=\"font-weight:normal;color:#808080;\">Productive hectares<\/div><\/div>[\/vc_column_inner][vc_column_inner el_class=&#8221;cross col-second&#8221; width=&#8221;1\/2&#8243;]<div id=\"ultimate-heading-127269e204b05aa0c\" class=\"uvc-heading ult-adjust-bottom-margin ultimate-heading-127269e204b05aa0c uvc-9135 \" data-hspacer=\"icon_only\"  data-halign=\"left\" style=\"text-align:left\"><div class=\"uvc-heading-spacer icon_only\" style=\"top\"><div class=\"ult-just-icon-wrapper  \"><div class=\"align-icon\" style=\"text-align:left;\">\n<div class=\"aio-icon-img \" style=\"font-size:33px;display:inline-block;\" >\n\t<img decoding=\"async\" class=\"img-icon\" alt=\"null\" src=\"https:\/\/www.frutosdelcerro.com\/wp-content\/uploads\/2019\/05\/nuez.png\"\/>\n<\/div><\/div><\/div><\/div><div class=\"uvc-main-heading ult-responsive\"  data-ultimate-target='.uvc-heading.ultimate-heading-127269e204b05aa0c h2'  data-responsive-json-new='{\"font-size\":\"desktop:36px;\",\"line-height\":\"desktop:43px;\"}' ><h2 style=\"font-weight:bold;color:#808080;\">3<\/h2><\/div><div class=\"uvc-sub-heading ult-responsive\"  data-ultimate-target='.uvc-heading.ultimate-heading-127269e204b05aa0c .uvc-sub-heading '  data-responsive-json-new='{\"font-size\":\"desktop:16px;\",\"line-height\":\"desktop:20px;\"}'  style=\"font-weight:normal;color:#808080;\">Varieties<\/div><\/div>[\/vc_column_inner][\/vc_row_inner][vc_row_inner][vc_column_inner el_class=&#8221;cross col-third&#8221; width=&#8221;1\/2&#8243;]<div id=\"ultimate-heading-133869e204b05aba9\" class=\"uvc-heading ult-adjust-bottom-margin ultimate-heading-133869e204b05aba9 uvc-6879 \" data-hspacer=\"icon_only\"  data-halign=\"right\" style=\"text-align:right\"><div class=\"uvc-heading-spacer icon_only\" style=\"top\"><div class=\"ult-just-icon-wrapper  \"><div class=\"align-icon\" style=\"text-align:right;\">\n<div class=\"aio-icon-img \" style=\"font-size:41px;display:inline-block;\" >\n\t<img decoding=\"async\" class=\"img-icon\" alt=\"null\" src=\"https:\/\/www.frutosdelcerro.com\/wp-content\/uploads\/2019\/05\/nogal.png\"\/>\n<\/div><\/div><\/div><\/div><div class=\"uvc-main-heading ult-responsive\"  data-ultimate-target='.uvc-heading.ultimate-heading-133869e204b05aba9 h2'  data-responsive-json-new='{\"font-size\":\"desktop:36px;\",\"line-height\":\"desktop:43px;\"}' ><h2 style=\"font-weight:bold;color:#808080;\">8<\/h2><\/div><div class=\"uvc-sub-heading ult-responsive\"  data-ultimate-target='.uvc-heading.ultimate-heading-133869e204b05aba9 .uvc-sub-heading '  data-responsive-json-new='{\"font-size\":\"desktop:16px;\",\"line-height\":\"desktop:20px;\"}'  style=\"font-weight:normal;color:#808080;\">Years of development<\/div><\/div>[\/vc_column_inner][vc_column_inner el_class=&#8221;cross col-fourth&#8221; width=&#8221;1\/2&#8243;]<div id=\"ultimate-heading-592469e204b05adcc\" class=\"uvc-heading ult-adjust-bottom-margin ultimate-heading-592469e204b05adcc uvc-5427 \" data-hspacer=\"icon_only\"  data-halign=\"left\" style=\"text-align:left\"><div class=\"uvc-heading-spacer icon_only\" style=\"top\"><div class=\"ult-just-icon-wrapper  \"><div class=\"align-icon\" style=\"text-align:left;\">\n<div class=\"aio-icon-img \" style=\"font-size:51px;display:inline-block;\" >\n\t<img decoding=\"async\" class=\"img-icon\" alt=\"null\" src=\"https:\/\/www.frutosdelcerro.com\/wp-content\/uploads\/2019\/05\/tractor.png\"\/>\n<\/div><\/div><\/div><\/div><div class=\"uvc-main-heading ult-responsive\"  data-ultimate-target='.uvc-heading.ultimate-heading-592469e204b05adcc h2'  data-responsive-json-new='{\"font-size\":\"desktop:36px;\",\"line-height\":\"desktop:43px;\"}' ><h2 style=\"font-weight:bold;color:#808080;\">400<\/h2><\/div><div class=\"uvc-sub-heading ult-responsive\"  data-ultimate-target='.uvc-heading.ultimate-heading-592469e204b05adcc .uvc-sub-heading '  data-responsive-json-new='{\"font-size\":\"desktop:16px;\",\"line-height\":\"desktop:20px;\"}'  style=\"font-weight:normal;color:#808080;\">Tn. annual production<\/div><\/div>[\/vc_column_inner][\/vc_row_inner][\/vc_column][\/vc_row][vc_row][vc_column][vc_empty_space height=&#8221;5px&#8221;]<div id=\"ultimate-heading-368969e204b05ae32\" class=\"uvc-heading ult-adjust-bottom-margin ultimate-heading-368969e204b05ae32 uvc-7987 bolder\" data-hspacer=\"line_only\"  data-halign=\"center\" style=\"text-align:center\"><div class=\"uvc-main-heading ult-responsive\"  data-ultimate-target='.uvc-heading.ultimate-heading-368969e204b05ae32 h2'  data-responsive-json-new='{\"font-size\":\"desktop:39px;mobile:35px;\",\"line-height\":\"\"}' ><h2 style=\"font-weight:bold;\">GALLERY<\/h2><\/div><div class=\"uvc-heading-spacer line_only\" style=\"margin-top:10px;height:1px;\"><span class=\"uvc-headings-line\" style=\"border-style:solid;border-bottom-width:1px;border-color:#9e2021;width:180px;\"><\/span><\/div><\/div>[vc_empty_space height=&#8221;40px&#8221;][vc_media_grid style=&#8221;pagination&#8221; items_per_page=&#8221;9&#8243; gap=&#8221;30&#8243; paging_design=&#8221;pagination_default&#8221; paging_color=&#8221;white&#8221; grid_id=&#8221;vc_gid:1598483616137-ee8a3c35-2854-5&#8243; include=&#8221;211,212,210,213,222,224,229,220,214,215,216,218,678,208,221,223,225,226,227,236,237,200,209,563&#8243; paging_animation_in=&#8221;fadeIn&#8221;][vc_empty_space height=&#8221;30px&#8221;][\/vc_column][\/vc_row]<\/p>\n","protected":false},"excerpt":{"rendered":"<p>[vc_row full_width=&#8221;stretch_row&#8221; bg_type=&#8221;bg_color&#8221; bg_color_value=&#8221;#f6f6f6&#8243;][vc_column width=&#8221;1\/2&#8243;][vc_empty_space height=&#8221;30px&#8221;][vc_empty_space height=&#8221;15px&#8221;][vc_column_text]Frutos del Cerro is an Argentine company committed to 2 fundamental values QUALITY AND SERVICE that make our nuts an optimal product to compete in the International market. It is dedicated to the production, processing at source, distribution and marketing of nuts with shell and pulp, guaranteeing a variety [&hellip;]<\/p>\n","protected":false},"author":1,"featured_media":0,"parent":0,"menu_order":0,"comment_status":"closed","ping_status":"closed","template":"","meta":{"footnotes":""},"class_list":["post-425","page","type-page","status-publish","hentry"],"yoast_head":"<!-- This site is optimized with the Yoast SEO plugin v27.4 - https:\/\/yoast.com\/product\/yoast-seo-wordpress\/ -->\n<title>Who we are - Frutos del Cerro<\/title>\n<meta name=\"description\" content=\"Dedicados a la producci\u00f3n, procesamiento en origen, distribuci\u00f3n y comercializaci\u00f3n de nueces con c\u00e1scara y pulpa, garantizando variedad de productos, de excelente clasificaci\u00f3n est\u00e9tica y organol\u00e9ptica.\" \/>\n<meta name=\"robots\" content=\"index, follow, max-snippet:-1, max-image-preview:large, max-video-preview:-1\" \/>\n<link rel=\"canonical\" href=\"https:\/\/www.frutosdelcerro.com\/en\/who-we-are\/\" \/>\n<meta property=\"og:locale\" content=\"en_US\" \/>\n<meta property=\"og:type\" content=\"article\" \/>\n<meta property=\"og:title\" content=\"Who we are - Frutos del Cerro\" \/>\n<meta property=\"og:description\" content=\"Dedicados a la producci\u00f3n, procesamiento en origen, distribuci\u00f3n y comercializaci\u00f3n de nueces con c\u00e1scara y pulpa, garantizando variedad de productos, de excelente clasificaci\u00f3n est\u00e9tica y organol\u00e9ptica.\" \/>\n<meta property=\"og:url\" content=\"https:\/\/www.frutosdelcerro.com\/en\/who-we-are\/\" \/>\n<meta property=\"og:site_name\" content=\"Frutos del Cerro\" \/>\n<meta property=\"article:modified_time\" content=\"2020-08-26T23:18:30+00:00\" \/>\n<meta name=\"twitter:card\" content=\"summary_large_image\" \/>\n<meta name=\"twitter:label1\" content=\"Est. reading time\" \/>\n\t<meta name=\"twitter:data1\" content=\"3 minutes\" \/>\n<script type=\"application\/ld+json\" class=\"yoast-schema-graph\">{\"@context\":\"https:\\\/\\\/schema.org\",\"@graph\":[{\"@type\":\"WebPage\",\"@id\":\"https:\\\/\\\/www.frutosdelcerro.com\\\/en\\\/who-we-are\\\/\",\"url\":\"https:\\\/\\\/www.frutosdelcerro.com\\\/en\\\/who-we-are\\\/\",\"name\":\"Who we are - Frutos del Cerro\",\"isPartOf\":{\"@id\":\"https:\\\/\\\/www.frutosdelcerro.com\\\/en\\\/#website\"},\"datePublished\":\"2019-04-30T17:18:54+00:00\",\"dateModified\":\"2020-08-26T23:18:30+00:00\",\"description\":\"Dedicados a la producci\u00f3n, procesamiento en origen, distribuci\u00f3n y comercializaci\u00f3n de nueces con c\u00e1scara y pulpa, garantizando variedad de productos, de excelente clasificaci\u00f3n est\u00e9tica y organol\u00e9ptica.\",\"breadcrumb\":{\"@id\":\"https:\\\/\\\/www.frutosdelcerro.com\\\/en\\\/who-we-are\\\/#breadcrumb\"},\"inLanguage\":\"en-US\",\"potentialAction\":[{\"@type\":\"ReadAction\",\"target\":[\"https:\\\/\\\/www.frutosdelcerro.com\\\/en\\\/who-we-are\\\/\"]}]},{\"@type\":\"BreadcrumbList\",\"@id\":\"https:\\\/\\\/www.frutosdelcerro.com\\\/en\\\/who-we-are\\\/#breadcrumb\",\"itemListElement\":[{\"@type\":\"ListItem\",\"position\":1,\"name\":\"Home\",\"item\":\"https:\\\/\\\/www.frutosdelcerro.com\\\/en\\\/\"},{\"@type\":\"ListItem\",\"position\":2,\"name\":\"Who we are\"}]},{\"@type\":\"WebSite\",\"@id\":\"https:\\\/\\\/www.frutosdelcerro.com\\\/en\\\/#website\",\"url\":\"https:\\\/\\\/www.frutosdelcerro.com\\\/en\\\/\",\"name\":\"Frutos del Cerro\",\"description\":\"\",\"potentialAction\":[{\"@type\":\"SearchAction\",\"target\":{\"@type\":\"EntryPoint\",\"urlTemplate\":\"https:\\\/\\\/www.frutosdelcerro.com\\\/en\\\/?s={search_term_string}\"},\"query-input\":{\"@type\":\"PropertyValueSpecification\",\"valueRequired\":true,\"valueName\":\"search_term_string\"}}],\"inLanguage\":\"en-US\"}]}<\/script>\n<!-- \/ Yoast SEO plugin. -->","yoast_head_json":{"title":"Who we are - Frutos del Cerro","description":"Dedicados a la producci\u00f3n, procesamiento en origen, distribuci\u00f3n y comercializaci\u00f3n de nueces con c\u00e1scara y pulpa, garantizando variedad de productos, de excelente clasificaci\u00f3n est\u00e9tica y organol\u00e9ptica.","robots":{"index":"index","follow":"follow","max-snippet":"max-snippet:-1","max-image-preview":"max-image-preview:large","max-video-preview":"max-video-preview:-1"},"canonical":"https:\/\/www.frutosdelcerro.com\/en\/who-we-are\/","og_locale":"en_US","og_type":"article","og_title":"Who we are - Frutos del Cerro","og_description":"Dedicados a la producci\u00f3n, procesamiento en origen, distribuci\u00f3n y comercializaci\u00f3n de nueces con c\u00e1scara y pulpa, garantizando variedad de productos, de excelente clasificaci\u00f3n est\u00e9tica y organol\u00e9ptica.","og_url":"https:\/\/www.frutosdelcerro.com\/en\/who-we-are\/","og_site_name":"Frutos del Cerro","article_modified_time":"2020-08-26T23:18:30+00:00","twitter_card":"summary_large_image","twitter_misc":{"Est. reading time":"3 minutes"},"schema":{"@context":"https:\/\/schema.org","@graph":[{"@type":"WebPage","@id":"https:\/\/www.frutosdelcerro.com\/en\/who-we-are\/","url":"https:\/\/www.frutosdelcerro.com\/en\/who-we-are\/","name":"Who we are - Frutos del Cerro","isPartOf":{"@id":"https:\/\/www.frutosdelcerro.com\/en\/#website"},"datePublished":"2019-04-30T17:18:54+00:00","dateModified":"2020-08-26T23:18:30+00:00","description":"Dedicados a la producci\u00f3n, procesamiento en origen, distribuci\u00f3n y comercializaci\u00f3n de nueces con c\u00e1scara y pulpa, garantizando variedad de productos, de excelente clasificaci\u00f3n est\u00e9tica y organol\u00e9ptica.","breadcrumb":{"@id":"https:\/\/www.frutosdelcerro.com\/en\/who-we-are\/#breadcrumb"},"inLanguage":"en-US","potentialAction":[{"@type":"ReadAction","target":["https:\/\/www.frutosdelcerro.com\/en\/who-we-are\/"]}]},{"@type":"BreadcrumbList","@id":"https:\/\/www.frutosdelcerro.com\/en\/who-we-are\/#breadcrumb","itemListElement":[{"@type":"ListItem","position":1,"name":"Home","item":"https:\/\/www.frutosdelcerro.com\/en\/"},{"@type":"ListItem","position":2,"name":"Who we are"}]},{"@type":"WebSite","@id":"https:\/\/www.frutosdelcerro.com\/en\/#website","url":"https:\/\/www.frutosdelcerro.com\/en\/","name":"Frutos del Cerro","description":"","potentialAction":[{"@type":"SearchAction","target":{"@type":"EntryPoint","urlTemplate":"https:\/\/www.frutosdelcerro.com\/en\/?s={search_term_string}"},"query-input":{"@type":"PropertyValueSpecification","valueRequired":true,"valueName":"search_term_string"}}],"inLanguage":"en-US"}]}},"_links":{"self":[{"href":"https:\/\/www.frutosdelcerro.com\/en\/wp-json\/wp\/v2\/pages\/425","targetHints":{"allow":["GET"]}}],"collection":[{"href":"https:\/\/www.frutosdelcerro.com\/en\/wp-json\/wp\/v2\/pages"}],"about":[{"href":"https:\/\/www.frutosdelcerro.com\/en\/wp-json\/wp\/v2\/types\/page"}],"author":[{"embeddable":true,"href":"https:\/\/www.frutosdelcerro.com\/en\/wp-json\/wp\/v2\/users\/1"}],"replies":[{"embeddable":true,"href":"https:\/\/www.frutosdelcerro.com\/en\/wp-json\/wp\/v2\/comments?post=425"}],"version-history":[{"count":5,"href":"https:\/\/www.frutosdelcerro.com\/en\/wp-json\/wp\/v2\/pages\/425\/revisions"}],"predecessor-version":[{"id":680,"href":"https:\/\/www.frutosdelcerro.com\/en\/wp-json\/wp\/v2\/pages\/425\/revisions\/680"}],"wp:attachment":[{"href":"https:\/\/www.frutosdelcerro.com\/en\/wp-json\/wp\/v2\/media?parent=425"}],"curies":[{"name":"wp","href":"https:\/\/api.w.org\/{rel}","templated":true}]}}